{"id":16,"date":"2014-12-02T21:25:00","date_gmt":"2014-12-02T19:25:00","guid":{"rendered":"https:\/\/tierereden.at\/?page_id=16"},"modified":"2015-02-24T20:04:15","modified_gmt":"2015-02-24T18:04:15","slug":"meine-tiere","status":"publish","type":"page","link":"https:\/\/tierereden.at\/?page_id=16","title":{"rendered":"Meine Tiere"},"content":{"rendered":"<p>Darf ich vorstellen:\u00a0 Meine BegleiterInnen&#8230; was w\u00e4re ich ohne sie&#8230;. <img loading=\"lazy\" decoding=\"async\" class=\"alignnone size-medium wp-image-69\" src=\"https:\/\/tierereden.at\/wp-content\/uploads\/2014\/12\/schneespa\u00df62-300x247.jpg\" alt=\"schneespa\u00df62\" width=\"300\" height=\"247\" srcset=\"https:\/\/tierereden.at\/wp-content\/uploads\/2014\/12\/schneespa\u00df62-300x247.jpg 300w, https:\/\/tierereden.at\/wp-content\/uploads\/2014\/12\/schneespa\u00df62.jpg 581w\" sizes=\"auto, (max-width: 300px) 100vw, 300px\" \/><\/p>\n<p>Drei die unterschiedlicher nicht sein k\u00f6nnten und jede f\u00fcr sich wundervoll liebenswert&#8230;.<\/p>\n<p>SELINA &#8211; geb 1997<\/p>\n<p><a href=\"https:\/\/tierereden.at\/wp-content\/uploads\/2014\/12\/schneespa\u00df42.jpg\"><img loading=\"lazy\" decoding=\"async\" class=\"alignnone size-medium wp-image-63\" src=\"https:\/\/tierereden.at\/wp-content\/uploads\/2014\/12\/schneespa\u00df42-248x300.jpg\" alt=\"schneespa\u00df42\" width=\"248\" height=\"300\" srcset=\"https:\/\/tierereden.at\/wp-content\/uploads\/2014\/12\/schneespa\u00df42-248x300.jpg 248w, https:\/\/tierereden.at\/wp-content\/uploads\/2014\/12\/schneespa\u00df42.jpg 480w\" sizes=\"auto, (max-width: 248px) 100vw, 248px\" \/><\/a><a href=\"https:\/\/tierereden.at\/wp-content\/uploads\/2014\/12\/schneespa\u00df99.jpg\"><img loading=\"lazy\" decoding=\"async\" class=\"alignnone size-medium wp-image-55\" src=\"https:\/\/tierereden.at\/wp-content\/uploads\/2014\/12\/schneespa\u00df99-253x300.jpg\" alt=\"schneespa\u00df99\" width=\"253\" height=\"300\" srcset=\"https:\/\/tierereden.at\/wp-content\/uploads\/2014\/12\/schneespa\u00df99-253x300.jpg 253w, https:\/\/tierereden.at\/wp-content\/uploads\/2014\/12\/schneespa\u00df99.jpg 480w\" sizes=\"auto, (max-width: 253px) 100vw, 253px\" \/><\/a> Weise Seelenbegleiterin, Co-Trainerin bei Kursen und liebevollstes Wesen ever&#8230;. einfach Seelchen&#8230;. \ud83d\ude42<\/p>\n<p>&nbsp;<\/p>\n<p>SOPHY\u00a0&#8211; geb.\u00a0 vermutlich 1994<\/p>\n<p><a href=\"https:\/\/tierereden.at\/wp-content\/uploads\/2014\/12\/schneespa\u00df32.jpg\"><img loading=\"lazy\" decoding=\"async\" class=\"alignnone  wp-image-62\" src=\"https:\/\/tierereden.at\/wp-content\/uploads\/2014\/12\/schneespa\u00df32-300x248.jpg\" alt=\"schneespa\u00df32\" width=\"278\" height=\"230\" srcset=\"https:\/\/tierereden.at\/wp-content\/uploads\/2014\/12\/schneespa\u00df32-300x248.jpg 300w, https:\/\/tierereden.at\/wp-content\/uploads\/2014\/12\/schneespa\u00df32.jpg 580w\" sizes=\"auto, (max-width: 278px) 100vw, 278px\" \/><\/a><a href=\"https:\/\/tierereden.at\/wp-content\/uploads\/2014\/12\/sonniger-tag24.jpg\"><img loading=\"lazy\" decoding=\"async\" class=\"alignnone size-medium wp-image-52\" src=\"https:\/\/tierereden.at\/wp-content\/uploads\/2014\/12\/sonniger-tag24-233x300.jpg\" alt=\"sonniger tag24\" width=\"233\" height=\"300\" srcset=\"https:\/\/tierereden.at\/wp-content\/uploads\/2014\/12\/sonniger-tag24-233x300.jpg 233w, https:\/\/tierereden.at\/wp-content\/uploads\/2014\/12\/sonniger-tag24.jpg 480w\" sizes=\"auto, (max-width: 233px) 100vw, 233px\" \/><\/a><\/p>\n<p>Geballte Ladung Selbstbewusstsein und Mut verpackt in scheinbar filigranen 3 kg. Wer eine Sophy an seiner Seite hat lernt, dass nichts unm\u00f6glich ist&#8230;. \ud83d\ude09<\/p>\n<p>&nbsp;<\/p>\n<p>&nbsp;<\/p>\n<p>SHEELA &#8211; geboren im Sommer\u00a0 1996<\/p>\n<p><a href=\"https:\/\/tierereden.at\/wp-content\/uploads\/2014\/12\/schneespa\u00df311.jpg\"><img loading=\"lazy\" decoding=\"async\" class=\"alignnone size-medium wp-image-61\" src=\"https:\/\/tierereden.at\/wp-content\/uploads\/2014\/12\/schneespa\u00df311-240x300.jpg\" alt=\"schneespa\u00df31\" width=\"240\" height=\"300\" srcset=\"https:\/\/tierereden.at\/wp-content\/uploads\/2014\/12\/schneespa\u00df311-240x300.jpg 240w, https:\/\/tierereden.at\/wp-content\/uploads\/2014\/12\/schneespa\u00df311.jpg 480w\" sizes=\"auto, (max-width: 240px) 100vw, 240px\" \/><\/a><a href=\"https:\/\/tierereden.at\/wp-content\/uploads\/2014\/12\/schneespa\u00df1091.jpg\"><img loading=\"lazy\" decoding=\"async\" class=\"alignnone size-medium wp-image-57\" src=\"https:\/\/tierereden.at\/wp-content\/uploads\/2014\/12\/schneespa\u00df1091-256x300.jpg\" alt=\"schneespa\u00df109\" width=\"256\" height=\"300\" srcset=\"https:\/\/tierereden.at\/wp-content\/uploads\/2014\/12\/schneespa\u00df1091-256x300.jpg 256w, https:\/\/tierereden.at\/wp-content\/uploads\/2014\/12\/schneespa\u00df1091.jpg 480w\" sizes=\"auto, (max-width: 256px) 100vw, 256px\" \/><\/a><\/p>\n<p>Anfang des Jahres 2015 hat uns das Schicksal zusammen gef\u00fchrt. Durch Sheela haben wir alle wieder jede Menge zu lachen und das tut gut! \ud83d\ude42<\/p>\n<p>&nbsp;<\/p>\n<p>SCHOKO VON LADE &#8211; geboren 1996<\/p>\n<p><a href=\"https:\/\/tierereden.at\/wp-content\/uploads\/2014\/12\/schoki.jpg\"><img loading=\"lazy\" decoding=\"async\" class=\"alignnone size-medium wp-image-101\" src=\"https:\/\/tierereden.at\/wp-content\/uploads\/2014\/12\/schoki-225x300.jpg\" alt=\"schoki\" width=\"225\" height=\"300\" srcset=\"https:\/\/tierereden.at\/wp-content\/uploads\/2014\/12\/schoki-225x300.jpg 225w, https:\/\/tierereden.at\/wp-content\/uploads\/2014\/12\/schoki.jpg 480w\" sizes=\"auto, (max-width: 225px) 100vw, 225px\" \/><\/a><a href=\"https:\/\/tierereden.at\/wp-content\/uploads\/2014\/12\/schoko.jpg\"><img loading=\"lazy\" decoding=\"async\" class=\"alignnone size-medium wp-image-89\" src=\"https:\/\/tierereden.at\/wp-content\/uploads\/2014\/12\/schoko-288x300.jpg\" alt=\"schoko\" width=\"288\" height=\"300\" srcset=\"https:\/\/tierereden.at\/wp-content\/uploads\/2014\/12\/schoko-288x300.jpg 288w, https:\/\/tierereden.at\/wp-content\/uploads\/2014\/12\/schoko.jpg 373w\" sizes=\"auto, (max-width: 288px) 100vw, 288px\" \/><\/a><\/p>\n<p>Graue Eminenz in unserem Haushalt. An ihr kommt niemand vorbei und das ist gut so. Denn so lernt jeder auf den anderen R\u00fccksicht zu nehmen&#8230;.<\/p>\n<p>&nbsp;<\/p>\n<p>ANATEVKA &#8211; geboren 1999<\/p>\n<p><a href=\"https:\/\/tierereden.at\/wp-content\/uploads\/2014\/12\/115.jpg\"><img loading=\"lazy\" decoding=\"async\" class=\"alignnone size-medium wp-image-92\" src=\"https:\/\/tierereden.at\/wp-content\/uploads\/2014\/12\/115-300x225.jpg\" alt=\"115\" width=\"300\" height=\"225\" srcset=\"https:\/\/tierereden.at\/wp-content\/uploads\/2014\/12\/115-300x225.jpg 300w, https:\/\/tierereden.at\/wp-content\/uploads\/2014\/12\/115-1024x768.jpg 1024w, https:\/\/tierereden.at\/wp-content\/uploads\/2014\/12\/115.jpg 2048w\" sizes=\"auto, (max-width: 300px) 100vw, 300px\" \/><\/a><a href=\"https:\/\/tierereden.at\/wp-content\/uploads\/2014\/12\/Selina-und-Anatevka-2.jpg\"><img loading=\"lazy\" decoding=\"async\" class=\"alignnone size-full wp-image-100\" src=\"https:\/\/tierereden.at\/wp-content\/uploads\/2014\/12\/Selina-und-Anatevka-2.jpg\" alt=\"Selina und Anatevka (2)\" width=\"160\" height=\"120\" \/><\/a> <a href=\"https:\/\/tierereden.at\/wp-content\/uploads\/2014\/12\/anatevka-und-salomon.jpg\"><img loading=\"lazy\" decoding=\"async\" class=\"alignnone size-medium wp-image-93\" src=\"https:\/\/tierereden.at\/wp-content\/uploads\/2014\/12\/anatevka-und-salomon-300x300.jpg\" alt=\"anatevka und salomon\" width=\"300\" height=\"300\" srcset=\"https:\/\/tierereden.at\/wp-content\/uploads\/2014\/12\/anatevka-und-salomon-300x300.jpg 300w, https:\/\/tierereden.at\/wp-content\/uploads\/2014\/12\/anatevka-und-salomon-150x150.jpg 150w, https:\/\/tierereden.at\/wp-content\/uploads\/2014\/12\/anatevka-und-salomon.jpg 388w\" sizes=\"auto, (max-width: 300px) 100vw, 300px\" \/><\/a><\/p>\n<p>Wildfang und Freundin von Kater Salomon. Immer unterwegs, aber immer da, wenn man sie braucht&#8230;. denn sie ist die beste Transformerin wo gibt!<\/p>\n<p>&nbsp;<\/p>\n<p>ARAMIS &#8211; geboren 1999<\/p>\n<p><a href=\"https:\/\/tierereden.at\/wp-content\/uploads\/2014\/12\/dezem-130.jpg\"><img loading=\"lazy\" decoding=\"async\" class=\"alignnone size-medium wp-image-104\" src=\"https:\/\/tierereden.at\/wp-content\/uploads\/2014\/12\/dezem-130-300x276.jpg\" alt=\"dezem 130\" width=\"300\" height=\"276\" srcset=\"https:\/\/tierereden.at\/wp-content\/uploads\/2014\/12\/dezem-130-300x276.jpg 300w, https:\/\/tierereden.at\/wp-content\/uploads\/2014\/12\/dezem-130.jpg 520w\" sizes=\"auto, (max-width: 300px) 100vw, 300px\" \/><\/a><\/p>\n<p>Sch\u00f6nster und anh\u00e4nglichster Kater von ganz \u00fcberall und mit seinen 6 kg echt nicht leicht aus zu halten am Scho\u00df&#8230;. \ud83d\ude42<\/p>\n<p>&nbsp;<\/p>\n<p>SALOMON\u00a0 &#8211; geboren 1999<\/p>\n<p><a href=\"https:\/\/tierereden.at\/wp-content\/uploads\/2014\/12\/salomon.jpg\"><img loading=\"lazy\" decoding=\"async\" class=\"alignnone size-medium wp-image-97\" src=\"https:\/\/tierereden.at\/wp-content\/uploads\/2014\/12\/salomon-210x300.jpg\" alt=\"salomon\" width=\"210\" height=\"300\" srcset=\"https:\/\/tierereden.at\/wp-content\/uploads\/2014\/12\/salomon-210x300.jpg 210w, https:\/\/tierereden.at\/wp-content\/uploads\/2014\/12\/salomon.jpg 448w\" sizes=\"auto, (max-width: 210px) 100vw, 210px\" \/><\/a><a href=\"https:\/\/tierereden.at\/wp-content\/uploads\/2014\/12\/kater2.jpg\"><img loading=\"lazy\" decoding=\"async\" class=\"alignnone size-medium wp-image-96\" src=\"https:\/\/tierereden.at\/wp-content\/uploads\/2014\/12\/kater2-225x300.jpg\" alt=\"kater2\" width=\"225\" height=\"300\" srcset=\"https:\/\/tierereden.at\/wp-content\/uploads\/2014\/12\/kater2-225x300.jpg 225w, https:\/\/tierereden.at\/wp-content\/uploads\/2014\/12\/kater2-768x1024.jpg 768w, https:\/\/tierereden.at\/wp-content\/uploads\/2014\/12\/kater2.jpg 1944w\" sizes=\"auto, (max-width: 225px) 100vw, 225px\" \/><\/a><a href=\"https:\/\/tierereden.at\/wp-content\/uploads\/2014\/12\/kater6.jpg\"><img loading=\"lazy\" decoding=\"async\" class=\"alignnone size-medium wp-image-94\" src=\"https:\/\/tierereden.at\/wp-content\/uploads\/2014\/12\/kater6-263x300.jpg\" alt=\"kater6\" width=\"263\" height=\"300\" srcset=\"https:\/\/tierereden.at\/wp-content\/uploads\/2014\/12\/kater6-263x300.jpg 263w, https:\/\/tierereden.at\/wp-content\/uploads\/2014\/12\/kater6.jpg 480w\" sizes=\"auto, (max-width: 263px) 100vw, 263px\" \/><\/a><\/p>\n<p>Wichtigster Stallkater und von allen liebevoll &#8222;Sabberling&#8220; genannt&#8230; Er und sein Bruder Skorates lebten die ersten 5 Jahre in unserem Pferdestall und nach Aufl\u00f6sung des selbigen, zogen sie bei mir ein&#8230;.<\/p>\n<p>&nbsp;<\/p>\n<p>SOKRATES &#8211; geboren 1999<\/p>\n<p><a href=\"https:\/\/tierereden.at\/wp-content\/uploads\/2014\/12\/02-35.jpg\"><img loading=\"lazy\" decoding=\"async\" class=\"alignnone size-medium wp-image-91\" src=\"https:\/\/tierereden.at\/wp-content\/uploads\/2014\/12\/02-35-300x294.jpg\" alt=\"02 35\" width=\"300\" height=\"294\" srcset=\"https:\/\/tierereden.at\/wp-content\/uploads\/2014\/12\/02-35-300x294.jpg 300w, https:\/\/tierereden.at\/wp-content\/uploads\/2014\/12\/02-35.jpg 489w\" sizes=\"auto, (max-width: 300px) 100vw, 300px\" \/><\/a><a href=\"https:\/\/tierereden.at\/wp-content\/uploads\/2014\/12\/kater5.jpg\"><img loading=\"lazy\" decoding=\"async\" class=\"alignnone size-medium wp-image-98\" src=\"https:\/\/tierereden.at\/wp-content\/uploads\/2014\/12\/kater5-300x225.jpg\" alt=\"kater5\" width=\"300\" height=\"225\" srcset=\"https:\/\/tierereden.at\/wp-content\/uploads\/2014\/12\/kater5-300x225.jpg 300w, https:\/\/tierereden.at\/wp-content\/uploads\/2014\/12\/kater5-1024x768.jpg 1024w\" sizes=\"auto, (max-width: 300px) 100vw, 300px\" \/><\/a><\/p>\n<p>Philosoph und Zicke &#8211; er braucht am l\u00e4ngsten um Ver\u00e4nderungen an zu nehmen&#8230;&#8230;<\/p>\n<p>&nbsp;<\/p>\n<p>CASIOPEA &#8211; geb. 1998<\/p>\n<p><a href=\"https:\/\/tierereden.at\/wp-content\/uploads\/2014\/12\/casiopea.jpg\"><img loading=\"lazy\" decoding=\"async\" class=\"alignnone size-medium wp-image-102\" src=\"https:\/\/tierereden.at\/wp-content\/uploads\/2014\/12\/casiopea-300x225.jpg\" alt=\"casiopea\" width=\"300\" height=\"225\" srcset=\"https:\/\/tierereden.at\/wp-content\/uploads\/2014\/12\/casiopea-300x225.jpg 300w, https:\/\/tierereden.at\/wp-content\/uploads\/2014\/12\/casiopea-1024x768.jpg 1024w\" sizes=\"auto, (max-width: 300px) 100vw, 300px\" \/><\/a><\/p>\n<p>Casiopea ist die Mama von Aramis, Anatevka, Salomon und Sokrates. Als ehemalige Streunerin hat sie beschlossen hier am Berg zu wohnen, aber sich nicht mehr vom Menschen abh\u00e4ngig zu machen&#8230;. Doch ich wei\u00df, dass es ihr gut geht bei uns am Berg&#8230;<\/p>\n<p>&nbsp;<\/p>\n<p>immer in Gedanken bei uns&#8230;..<\/p>\n<p>&nbsp;<\/p>\n<p>AKHIRA &#8211; bis 22.12.2014<\/p>\n<p><a href=\"https:\/\/tierereden.at\/wp-content\/uploads\/2014\/12\/akhira.jpg\"><img loading=\"lazy\" decoding=\"async\" class=\"alignnone size-medium wp-image-73\" src=\"https:\/\/tierereden.at\/wp-content\/uploads\/2014\/12\/akhira-300x225.jpg\" alt=\"akhira\" width=\"300\" height=\"225\" srcset=\"https:\/\/tierereden.at\/wp-content\/uploads\/2014\/12\/akhira-300x225.jpg 300w, https:\/\/tierereden.at\/wp-content\/uploads\/2014\/12\/akhira-1024x768.jpg 1024w\" sizes=\"auto, (max-width: 300px) 100vw, 300px\" \/><\/a> <a href=\"https:\/\/tierereden.at\/wp-content\/uploads\/2014\/12\/175.jpg\"><img loading=\"lazy\" decoding=\"async\" class=\"alignnone size-medium wp-image-74\" src=\"https:\/\/tierereden.at\/wp-content\/uploads\/2014\/12\/175-241x300.jpg\" alt=\"175\" width=\"241\" height=\"300\" srcset=\"https:\/\/tierereden.at\/wp-content\/uploads\/2014\/12\/175-241x300.jpg 241w, https:\/\/tierereden.at\/wp-content\/uploads\/2014\/12\/175.jpg 480w\" sizes=\"auto, (max-width: 241px) 100vw, 241px\" \/><\/a> <a href=\"https:\/\/tierereden.at\/wp-content\/uploads\/2014\/12\/DSC_4000.jpg\"><img loading=\"lazy\" decoding=\"async\" class=\"alignnone size-medium wp-image-76\" src=\"https:\/\/tierereden.at\/wp-content\/uploads\/2014\/12\/DSC_4000-300x269.jpg\" alt=\"DSC_4000\" width=\"300\" height=\"269\" srcset=\"https:\/\/tierereden.at\/wp-content\/uploads\/2014\/12\/DSC_4000-300x269.jpg 300w, https:\/\/tierereden.at\/wp-content\/uploads\/2014\/12\/DSC_4000.jpg 535w\" sizes=\"auto, (max-width: 300px) 100vw, 300px\" \/><\/a> <a href=\"https:\/\/tierereden.at\/wp-content\/uploads\/2014\/12\/DSC_4290-2.jpg\"><img loading=\"lazy\" decoding=\"async\" class=\"alignnone size-medium wp-image-77\" src=\"https:\/\/tierereden.at\/wp-content\/uploads\/2014\/12\/DSC_4290-2-300x225.jpg\" alt=\"DSC_4290 (2)\" width=\"300\" height=\"225\" srcset=\"https:\/\/tierereden.at\/wp-content\/uploads\/2014\/12\/DSC_4290-2-300x225.jpg 300w, https:\/\/tierereden.at\/wp-content\/uploads\/2014\/12\/DSC_4290-2.jpg 640w\" sizes=\"auto, (max-width: 300px) 100vw, 300px\" \/><\/a> <a href=\"https:\/\/tierereden.at\/wp-content\/uploads\/2014\/12\/DSC_4778.jpg\"><img loading=\"lazy\" decoding=\"async\" class=\"alignnone size-medium wp-image-78\" src=\"https:\/\/tierereden.at\/wp-content\/uploads\/2014\/12\/DSC_4778-300x263.jpg\" alt=\"DSC_4778\" width=\"300\" height=\"263\" srcset=\"https:\/\/tierereden.at\/wp-content\/uploads\/2014\/12\/DSC_4778-300x263.jpg 300w, https:\/\/tierereden.at\/wp-content\/uploads\/2014\/12\/DSC_4778.jpg 546w\" sizes=\"auto, (max-width: 300px) 100vw, 300px\" \/><\/a> <a href=\"https:\/\/tierereden.at\/wp-content\/uploads\/2014\/12\/sep.7-3.jpg\"><img loading=\"lazy\" decoding=\"async\" class=\"alignnone size-medium wp-image-79\" src=\"https:\/\/tierereden.at\/wp-content\/uploads\/2014\/12\/sep.7-3-231x300.jpg\" alt=\"sep.7 (3)\" width=\"231\" height=\"300\" srcset=\"https:\/\/tierereden.at\/wp-content\/uploads\/2014\/12\/sep.7-3-231x300.jpg 231w, https:\/\/tierereden.at\/wp-content\/uploads\/2014\/12\/sep.7-3.jpg 285w\" sizes=\"auto, (max-width: 231px) 100vw, 231px\" \/><\/a><\/p>\n<p>Liebevollste Begleiterin\u00a0&#8211; unersetzbar und immer in meinem Herzen&#8230; Du hast mein Leben bereichert und mich zu dem Menschen gemacht, der ich heute bin&#8230; danke daf\u00fcr!<\/p>\n<p>&nbsp;<\/p>\n<p>FRITZCHEN &#8211; bis 11.11.2014<\/p>\n<p><a href=\"https:\/\/tierereden.at\/wp-content\/uploads\/2014\/12\/fritzchen3.jpg\"><img loading=\"lazy\" decoding=\"async\" class=\"alignnone size-medium wp-image-86\" src=\"https:\/\/tierereden.at\/wp-content\/uploads\/2014\/12\/fritzchen3-300x200.jpg\" alt=\"fritzchen3\" width=\"300\" height=\"200\" srcset=\"https:\/\/tierereden.at\/wp-content\/uploads\/2014\/12\/fritzchen3-300x200.jpg 300w, https:\/\/tierereden.at\/wp-content\/uploads\/2014\/12\/fritzchen3.jpg 307w\" sizes=\"auto, (max-width: 300px) 100vw, 300px\" \/><\/a> <a href=\"https:\/\/tierereden.at\/wp-content\/uploads\/2014\/12\/fritzchen21.jpg\"><img loading=\"lazy\" decoding=\"async\" class=\"alignnone size-medium wp-image-85\" src=\"https:\/\/tierereden.at\/wp-content\/uploads\/2014\/12\/fritzchen21-200x300.jpg\" alt=\"fritzchen2\" width=\"200\" height=\"300\" srcset=\"https:\/\/tierereden.at\/wp-content\/uploads\/2014\/12\/fritzchen21-200x300.jpg 200w, https:\/\/tierereden.at\/wp-content\/uploads\/2014\/12\/fritzchen21.jpg 205w\" sizes=\"auto, (max-width: 200px) 100vw, 200px\" \/><\/a> <a href=\"https:\/\/tierereden.at\/wp-content\/uploads\/2014\/12\/sueno-und-fritzchen.jpg\"><img loading=\"lazy\" decoding=\"async\" class=\"alignnone size-medium wp-image-84\" src=\"https:\/\/tierereden.at\/wp-content\/uploads\/2014\/12\/sueno-und-fritzchen-300x300.jpg\" alt=\"sueno und fritzchen\" width=\"300\" height=\"300\" srcset=\"https:\/\/tierereden.at\/wp-content\/uploads\/2014\/12\/sueno-und-fritzchen-300x300.jpg 300w, https:\/\/tierereden.at\/wp-content\/uploads\/2014\/12\/sueno-und-fritzchen-150x150.jpg 150w, https:\/\/tierereden.at\/wp-content\/uploads\/2014\/12\/sueno-und-fritzchen.jpg 336w\" sizes=\"auto, (max-width: 300px) 100vw, 300px\" \/><\/a> <a href=\"https:\/\/tierereden.at\/wp-content\/uploads\/2014\/12\/Fritzchen.jpg\"><img loading=\"lazy\" decoding=\"async\" class=\"alignnone size-medium wp-image-83\" src=\"https:\/\/tierereden.at\/wp-content\/uploads\/2014\/12\/Fritzchen-224x300.jpg\" alt=\"Fritzchen\" width=\"224\" height=\"300\" srcset=\"https:\/\/tierereden.at\/wp-content\/uploads\/2014\/12\/Fritzchen-224x300.jpg 224w, https:\/\/tierereden.at\/wp-content\/uploads\/2014\/12\/Fritzchen.jpg 336w\" sizes=\"auto, (max-width: 224px) 100vw, 224px\" \/><\/a><a href=\"https:\/\/tierereden.at\/wp-content\/uploads\/2014\/12\/fritzchen-und-sueno.jpg\"><img loading=\"lazy\" decoding=\"async\" class=\"alignnone size-medium wp-image-82\" src=\"https:\/\/tierereden.at\/wp-content\/uploads\/2014\/12\/fritzchen-und-sueno-258x300.jpg\" alt=\"fritzchen und sueno\" width=\"258\" height=\"300\" srcset=\"https:\/\/tierereden.at\/wp-content\/uploads\/2014\/12\/fritzchen-und-sueno-258x300.jpg 258w, https:\/\/tierereden.at\/wp-content\/uploads\/2014\/12\/fritzchen-und-sueno.jpg 336w\" sizes=\"auto, (max-width: 258px) 100vw, 258px\" \/><\/a><\/p>\n<p>Mein bester Freund, gnadenlos ehrlicher Lehrer, verst\u00e4ndnisvollster Begleiter. Du hast mich gelehrt was Vertrauen bedeutet und wie wertvoll Freundschaft sein kann. Einen wie dich wird es f\u00fcr mich nie mehr wieder geben&#8230;.<\/p>\n","protected":false},"excerpt":{"rendered":"<p>Darf ich vorstellen:\u00a0 Meine BegleiterInnen&#8230; was w\u00e4re ich ohne sie&#8230;. Drei die unterschiedlicher nicht sein k\u00f6nnten und jede f\u00fcr sich wundervoll liebenswert&#8230;. SELINA &#8211; geb 1997 Weise Seelenbegleiterin, Co-Trainerin bei Kursen und liebevollstes Wesen ever&#8230;. einfach Seelchen&#8230;. \ud83d\ude42 &nbsp; SOPHY\u00a0&#8211; geb.\u00a0 vermutlich 1994 Geballte Ladung Selbstbewusstsein und Mut verpackt in scheinbar filigranen 3 kg. Wer &hellip; <a href=\"https:\/\/tierereden.at\/?page_id=16\" class=\"more-link\"><span class=\"screen-reader-text\">Meine Tiere<\/span> weiterlesen <span class=\"meta-nav\">&rarr;<\/span><\/a><\/p>\n","protected":false},"author":1,"featured_media":0,"parent":0,"menu_order":0,"comment_status":"open","ping_status":"closed","template":"","meta":{"footnotes":""},"class_list":["post-16","page","type-page","status-publish","hentry"],"_links":{"self":[{"href":"https:\/\/tierereden.at\/index.php?rest_route=\/wp\/v2\/pages\/16","targetHints":{"allow":["GET"]}}],"collection":[{"href":"https:\/\/tierereden.at\/index.php?rest_route=\/wp\/v2\/pages"}],"about":[{"href":"https:\/\/tierereden.at\/index.php?rest_route=\/wp\/v2\/types\/page"}],"author":[{"embeddable":true,"href":"https:\/\/tierereden.at\/index.php?rest_route=\/wp\/v2\/users\/1"}],"replies":[{"embeddable":true,"href":"https:\/\/tierereden.at\/index.php?rest_route=%2Fwp%2Fv2%2Fcomments&post=16"}],"version-history":[{"count":6,"href":"https:\/\/tierereden.at\/index.php?rest_route=\/wp\/v2\/pages\/16\/revisions"}],"predecessor-version":[{"id":106,"href":"https:\/\/tierereden.at\/index.php?rest_route=\/wp\/v2\/pages\/16\/revisions\/106"}],"wp:attachment":[{"href":"https:\/\/tierereden.at\/index.php?rest_route=%2Fwp%2Fv2%2Fmedia&parent=16"}],"curies":[{"name":"wp","href":"https:\/\/api.w.org\/{rel}","templated":true}]}}